{"id":1159,"date":"2022-04-05T11:32:49","date_gmt":"2022-04-05T11:32:49","guid":{"rendered":"https:\/\/tuna-tour.onviastage.es\/aviso-legal\/"},"modified":"2022-04-11T08:39:18","modified_gmt":"2022-04-11T08:39:18","slug":"avis-legal","status":"publish","type":"page","link":"https:\/\/tuna-tour.com\/ca\/avis-legal\/","title":{"rendered":"Av\u00eds Legal"},"content":{"rendered":"<h1>Av\u00eds Legal<\/h1>\n<ol>\n<li><a href=\"#1\">Qui som?<\/a><\/li>\n<li><a href=\"#2\">Acceptaci\u00f3 de les condicions d&#8217;\u00fas<\/a><\/li>\n<li><a href=\"#3\">Acc\u00e9s al Web i informaci\u00f3 sobre TUNA TOUR <\/a><\/li>\n<li><a href=\"#4\">Normes d&#8217;\u00fas<\/a><\/li>\n<li><a href=\"#5\">Enlla\u00e7os<\/a><\/li>\n<li><a href=\"#6\">T\u00e9 pres\u00e8ncia a altres plataformes i xarxes socials<\/a><\/li>\n<li><a href=\"#7\">Propietat intel\u00b7lectual i industrial<\/a><\/li>\n<li><a href=\"#8\">Responsabilitats pel funcionament de la web<\/a><\/li>\n<li><a href=\"#9\">Compleix amb la legalitat en mat\u00e8ria de responsabilitats<\/a><\/li>\n<li><a href=\"#10\">Durada de les condicions d&#8217;\u00fas<\/a><\/li>\n<li><a href=\"#11\">Us convidem a comunicar-nos qualsevol comentari o dubte <\/a><\/li>\n<li><a href=\"#12\">Normativa aplicable i jurisdicci\u00f3<\/a><\/li>\n<\/ol>\n<p>En aquest document, trobareu tota la informaci\u00f3 necess\u00e0ria sobre els serveis que ofereix TUNA TOUR a trav\u00e9s del web <a href=\"http:\/\/www.tuna-tour.com\/\">www.tuna-tour.com<\/a> (d&#8217;ara endavant, el Web). Us convidem a llegir-ho tot amb deteniment i a consultar-ho sempre que vulgueu.<\/p>\n<p>Podeu escriure&#8217;ns a l&#8217;adre\u00e7a electr\u00f2nica <a href=\"mailto:reserves@tuna-tour.com\">reserves@tuna-tour.com<\/a>. Estarem encantats d&#8217;atendre-us!<\/p>\n<h3 id=\"1\">1. Qui som?<\/h3>\n<p>El Web <a href=\"http:\/\/www.tuna-tour.com\/\">www.tuna-tour.com<\/a> \u00e9s un domini a internet la titularitat del qual pertany a BALFEGO TUNA, SL (d&#8217;ara endavant, TUNA TOUR). Les dades identificatives de TUNA TOUR s\u00f3n:<\/p>\n<ul>\n<li>NIF: B-43753904<\/li>\n<li>Domicili Pol. Ind. Edifici Balfeg\u00f3, s\/n &#8211; CP 43860 &#8211; L&#8217;Ametlla de Mar TARRAGONA<\/li>\n<li>Inscrita al Registre Mercantil de Tarragona al Vol. 1950, Foli 113, Full T-28269, Inscripci\u00f3 1.<\/li>\n<\/ul>\n<p>Posem a la vostra disposici\u00f3 el Web per facilitar-vos l&#8217;acc\u00e9s a la informaci\u00f3 sobre els nostres serveis, productes, tarifes, reserves i perqu\u00e8, si escau, pugueu contactar amb nosaltres.<\/p>\n<h3 id=\"2\">2. Acceptaci\u00f3 de les condicions d&#8217;\u00fas<\/h3>\n<p>Navegant pel Web, accepteu plenament totes i cadascuna de les condicions legals exposades a l&#8217;Av\u00eds legal, a la Pol\u00edtica de privacitat i a la Pol\u00edtica de galetes. <\/p>\n<p>Per adaptar els textos legals del Web als seus continguts en tot moment, ens reservem el dret a fer les modificacions oportunes al present Av\u00eds Legal, a la Pol\u00edtica de privacitat i a la Pol\u00edtica de galetes.<\/p>\n<h3 id=\"3\">3. Acc\u00e9s al Web i informaci\u00f3 sobre TUNA TOUR<\/h3>\n<p>Accedir al Web \u00e9s totalment gratu\u00eft i no cal registrar-s&#8217;hi per fer-ho. <\/p>\n<p>Aquest Web t\u00e9 com a objectiu fonamental la difusi\u00f3 dels serveis de TUNA TOUR, aix\u00ed com facilitar informaci\u00f3 de la mateixa empresa.<\/p>\n<p>Al Web, us proporcionem un mitj\u00e0 perqu\u00e8 pugueu contactar amb nosaltres, amb la finalitat de rebre informaci\u00f3 dels nostres serveis que puguin ser d&#8217;inter\u00e8s o treballar amb nosaltres, aix\u00ed com per donar resposta a consultes relacionades amb TUNA TOUR. Per tant, vetllarem per controlar que la informaci\u00f3 que es mostra al Web sigui vera\u00e7, precisa i accessible en tot moment.<\/p>\n<p>Aquest Web, per motius de seguretat i per a la protecci\u00f3 de la transmissi\u00f3 de continguts confidencials, utilitza un xifratge SSL o b\u00e9 TLS. Podeu identificar que la connexi\u00f3 \u00e9s xifrada perqu\u00e8 la barra del navegador canvia de http:\/\/ a https:\/\/ i pel s\u00edmbol del cadenat a la mateixa barra. Si el xifratge SSL o TLS est\u00e0 activat, cap tercera part no podr\u00e0 llegir les dades que ens transmeteu.<\/p>\n<p>TUNA TOUR no pot garantir la inexist\u00e8ncia d&#8217;interrupcions o errors a l&#8217;hora d&#8217;accedir al Web o al seu contingut, ni que aquest estigui permanentment actualitzat, sense imprecisions o inexactituds. En qualsevol cas, ens comprometem a solucionar els possibles errors, interrupcions en la comunicaci\u00f3 i manca d&#8217;actualitzacions dels continguts com m\u00e9s aviat millor.<\/p>\n<h3 id=\"4\">4. Normes d&#8217;\u00fas<\/h3>\n<p>Volem que el nostre Web sigui un lloc agradable per a tothom. Per aix\u00f2, en navegar-hi, us comprometeu a utilitzar-lo de conformitat amb la llei i les bones pr\u00e0ctiques, i d&#8217;acord amb aquest Av\u00eds Legal. Aix\u00ed mateix, garantiu fer un \u00fas adequat del contingut del Web i a no fer-lo servir per a activitats il\u00b7l\u00edcites o constitutives de delicte, que atemptin contra els drets de tercers o que infringeixin la regulaci\u00f3 sobre propietat intel\u00b7lectual i industrial, o qualssevol altres normes de l&#8217;ordenament jur\u00eddic aplicable.<\/p>\n<p>La informaci\u00f3 que proporciona el Web es far\u00e0 servir \u00fanicament per als serveis que ofereix TUNA TOUR.<\/p>\n<p>L&#8217;usuari s&#8217;obliga a utilitzar la informaci\u00f3 continguda en aquest Web per a les seves pr\u00f2pies necessitats exclusivament i a no fer directament o indirectament cap tipus d&#8217;explotaci\u00f3 comercial dels continguts i serveis als quals t\u00e9 acc\u00e9s.<\/p>\n<p>Els usuaris del Web reconeixeu i accepteu que sou l&#8217;\u00fanic responsable de l&#8217;\u00fas que se&#8217;n faci, i dels serveis i continguts accessibles a trav\u00e9s del Web.<\/p>\n<p>Per aix\u00f2, entre altres activitats, l&#8217;usuari es compromet a:<\/p>\n<p>a) No introduir o difondre continguts de car\u00e0cter racista, xen\u00f2fob, pornogr\u00e0fic, d&#8217;apologia del terrorisme o que atemptin contra els drets humans.<\/p>\n<p>b) No introduir o difondre a la xarxa programes de dades (virus i programari nociu) susceptibles de provocar danys als sistemes inform\u00e0tics del prove\u00efdor d&#8217;acc\u00e9s, els seus prove\u00efdors o tercers usuaris de la xarxa d&#8217;Internet.<\/p>\n<p>c) No difondre, transmetre o posar a disposici\u00f3 de tercers qualsevol tipus d&#8217;informaci\u00f3, element o contingut que atempti contra els drets fonamentals i les llibertats p\u00fabliques reconeguts constitucionalment i als tractats internacionals.<\/p>\n<p>d) No difondre, transmetre o posar a disposici\u00f3 de tercers qualsevol tipus d&#8217;informaci\u00f3, element o contingut que constitueixi publicitat il\u00b7l\u00edcita o deslleial.<\/p>\n<p>e) No introduir o difondre qualsevol informaci\u00f3 o contingut falsos, ambigus o inexactes de manera que indueixi a l&#8217;error.<\/p>\n<p>L&#8217;usuari ser\u00e0 l&#8217;\u00fanic responsable dels danys o perjudicis que es produeixin a conseq\u00fc\u00e8ncia d&#8217;un incompliment per part seva.<\/p>\n<h3 id=\"5\">5. Enlla\u00e7os<\/h3>\n<p>Si voleu enlla\u00e7ar el Web a qualsevol web, f\u00f2rum, xat, plataforma o xarxa social, esteu obligats a indicar que no compta amb la nostra supervisi\u00f3 o autoritzaci\u00f3. En cap sup\u00f2sit no es permet enlla\u00e7ar el Web des de webs, plataformes, f\u00f2rums, xats, blogs o xarxes socials contraris a la llei o als bons costums, en concret des d&#8217;aquelles amb continguts pornogr\u00e0fics o que atemptin contra els drets humans.<\/p>\n<p>\u00c9s important aclarir que cap enlla\u00e7 no suposa una vinculaci\u00f3 entre TUNA TOUR i el lloc des del qual es vinculi al Web, per la qual cosa no som responsables de les dades o continguts que proporcionin. <\/p>\n<p>Aquest Web inclou enlla\u00e7os amb altres p\u00e0gines web de tercers; TUNA TOUR no es fa responsable de les variacions en relaci\u00f3 amb les informacions, els serveis i el contingut en general d&#8217;aquests webs.<\/p>\n<h3 id=\"6\">6. T\u00e9 pres\u00e8ncia a altres plataformes i xarxes socials<\/h3>\n<p>Com podreu comprovar al nostre Web, TUNA TOUR \u00e9s present a diverses xarxes socials i plataformes (Facebook, Instagram, YouTube). A l&#8217;hora d&#8217;accedir a qualsevol d&#8217;aquestes xarxes o plataformes, tingueu en compte que les condicions d&#8217;\u00fas aplicables s\u00f3n les que cada plataforma t\u00e9 establertes, sobre les quals no tenim cap tipus de control.<\/p>\n<h3 id=\"7\">7. Propietat intel\u00b7lectual i industrial<\/h3>\n<p>El Web i tots els seus continguts (entre els quals es troben, a t\u00edtol enunciatiu i no limitatiu, marques, logotips, textos, fotografies, icones, imatges, gr\u00e0fics, tecnologia, enlla\u00e7os, continguts audiovisuals o sonors, etc., aix\u00ed com disseny gr\u00e0fic, codi font i altres elements de programari continguts en la present aplicaci\u00f3) s\u00f3n titularitat de TUNA TOUR, s&#8217;han registrat degudament a favor seu i estan subjectes a drets de propietat intel\u00b7lectual i industrial, protegits per la legislaci\u00f3 espanyola. Per aix\u00f2, si voleu fer actes d&#8217;explotaci\u00f3 del Web o dels seus continguts (reproduir-los, transformar-los, comunicar-los, etc., m\u00e9s enll\u00e0 de les activitats autoritzades per la Llei de la Propietat Intel\u00b7lectual) necessiteu obtenir pr\u00e8viament el nostre consentiment per escrit (trobareu les dades de contacte a la cap\u00e7alera d&#8217;aquest document), amb independ\u00e8ncia dels vostres fins. Aix\u00ed mateix, queda prohibit eliminar les dades identificatives de TUNA TOUR, com a titular dels drets de Propietat Intel\u00b7lectual i Industrial del Web o dels seus continguts.<\/p>\n<p>Finalment, accepteu concedir una llic\u00e8ncia d&#8217;\u00fas gratu\u00efta, sense limitaci\u00f3 territorial i per la m\u00e0xima extensi\u00f3 temporal permesa per la Llei, sobre els continguts que pugeu al Web per qualsevol mitj\u00e0 o canal.<\/p>\n<p>La responsabilitat derivada de l&#8217;\u00fas sense autoritzaci\u00f3 de materials protegits pels drets de propietat intel\u00b7lectual i industrial continguts en aquesta p\u00e0gina correspondr\u00e0 exclusivament a l&#8217;usuari.<\/p>\n<p>El fet que no us sol\u00b7licitem que deixeu d&#8217;utilitzar il\u00b7l\u00edcitament els continguts o que en feu un \u00fas en contra d&#8217;aquest Av\u00eds Legal no pot ser ent\u00e8s en cap cas com un consentiment o autoritzaci\u00f3 per a aquest \u00fas. Tampoc no constitueix una ren\u00fancia a l&#8217;exercici de les accions legals que puguin correspondre&#8217;ns.<\/p>\n<h3 id=\"8\">8. Responsabilitats pel funcionament del Web<\/h3>\n<p>\u00c9s important que recordeu que us correspon tenir disponibles les eines per aturar programes inform\u00e0tics nocius i desinfectar-ne els vostres dispositius. Tot i que TUNA TOUR s&#8217;esfor\u00e7a per mantenir el Web lliure de virus, cucs o qualsevol altre element inform\u00e0tic nociu, no podem garantir-ne l&#8217;abs\u00e8ncia total.<\/p>\n<p>Aix\u00ed mateix, TUNA TOUR no es responsabilitza dels danys produ\u00efts al programari i als equips inform\u00e0tics dels usuaris durant l&#8217;\u00fas dels serveis oferts al Web, ni dels danys o perjudicis de qualsevol tipus que li siguin causats i que comportin fallades o desconnexions a les xarxes de telecomunicacions que produeixin la suspensi\u00f3, cancel\u00b7laci\u00f3 o interrupci\u00f3 del servei.<\/p>\n<h3 id=\"9\">9. Compleix amb la legalitat en mat\u00e8ria de responsabilitats<\/h3>\n<p>TUNA TOUR vetlla per l&#8217;exactitud de les dades que apareixen publicades al Web. Si detecteu cap error, poseu-vos en contacte amb nosaltres a l&#8217;adre\u00e7a electr\u00f2nica <a href=\"mailto:reserves@tuna-tour.com\">reserves@tuna-tour.com<\/a>.<\/p>\n<p>No obstant aix\u00f2, i malgrat els nostres esfor\u00e7os, internet no \u00e9s un mitj\u00e0 inexpugnable, per la qual cosa no podem garantir que els continguts i les informacions es mostrin sempre actualitzats en la seva \u00faltima versi\u00f3. Sempre que sigui possible, us informarem de qualsevol interrupci\u00f3 que afecti la informaci\u00f3 mostrada al Web. Aix\u00ed mateix, TUNA TOUR no es responsabilitza dels errors a l&#8217;hora d&#8217;accedir a les diferents p\u00e0gines del Web si s\u00f3n causats per motius fora del nostre control.<\/p>\n<p>TUNA TOUR no es responsabilitza del mal \u00fas que els usuaris del Web puguin fer del Web o dels seus continguts, ni dels usos que siguin contraris a la bona fe, a la legalitat o al present Av\u00eds legal. Aix\u00ed mateix, TUNA TOUR declina qualsevol responsabilitat derivada de la infracci\u00f3 de drets de la propietat intel\u00b7lectual de qualsevol classe per part dels usuaris.<\/p>\n<p>No podem tampoc controlar ni gestionar la integritat, el funcionament ni la veracitat dels enlla\u00e7os que puguin apar\u00e8ixer al Web a llocs d&#8217;internet que no s\u00f3n de la nostra titularitat. Per aix\u00f2, en declinem qualsevol responsabilitat.<\/p>\n<h3 id=\"10\">10. Durada de les condicions d&#8217;\u00fas<\/h3>\n<p>Per adaptar el text legal a la realitat del Web, ens reservem el dret de modificar-lo o actualitzar-lo en qualsevol moment, per la qual cosa us recomanem consultar-lo amb freq\u00fc\u00e8ncia.<\/p>\n<p>Si qualsevol cl\u00e0usula inclosa en aquest Av\u00eds Legal fos declarada totalment o parcialment nul\u00b7la o inefica\u00e7, aquesta nul\u00b7litat o inefic\u00e0cia nom\u00e9s afectar\u00e0 aquesta cl\u00e0usula o la part que resulti nul\u00b7la o inefica\u00e7, substituint el present Av\u00eds Legal en tota la resta.<\/p>\n<h3 id=\"11\">11. Us convidem a comunicar-nos qualsevol comentari o dubte<\/h3>\n<p>Posem a la vostra disposici\u00f3 l&#8217;adre\u00e7a electr\u00f2nica <a href=\"mailto:reserves@tuna-tour.com\">reserves@tuna-tour.com<\/a> perqu\u00e8 l&#8217;utilitzeu sempre que tingueu algun dubte, consulta o comentari, tant del contingut del Web, com en relaci\u00f3 amb els termes legals d&#8217;aquest.<\/p>\n<p>Aix\u00ed mateix, si detecteu cap error en la informaci\u00f3 oferta o en la configuraci\u00f3, actualitzaci\u00f3 o contingut del Web, us agrairem que ho poseu en coneixement de TUNA TOUR a l&#8217;adre\u00e7a anteriorment referida.<\/p>\n<h3 id=\"12\">12. Normativa aplicable i jurisdicci\u00f3<\/h3>\n<p>Aquest Av\u00eds legal es regir\u00e0 i s&#8217;interpretar\u00e0 segons la legislaci\u00f3 espanyola, igual que la resoluci\u00f3 de qualsevol controv\u00e8rsia o diverg\u00e8ncia relacionada amb aquest Web. L\u2019\u00fas dels serveis del Web suposa l\u2019acceptaci\u00f3 expressa de la jurisdicci\u00f3 espanyola.<\/p>\n<p>Aix\u00ed mateix, les parts acorden que qualsevol litigi, discrep\u00e0ncia, q\u00fcesti\u00f3 o reclamaci\u00f3 resultant de l&#8217;execuci\u00f3 i interpretaci\u00f3 d&#8217;aquest Av\u00eds Legal o relacionat amb aquest o d&#8217;altres textos que puguin ser en el Web, es resoldr\u00e0 als Jutjats i Tribunals de Tortosa amb ren\u00fancia expressa a qualsevol altre dret o demarcaci\u00f3 jurisdiccional que pugui resultar competent (llevat que hi hagi un conflicte protegit per llei, cas en qu\u00e8 seria d&#8217;aplicaci\u00f3 preferent el lloc designat en la legislaci\u00f3 aplicable).<\/p>\n<p>&nbsp;<\/p>\n<p><strong>Data de la darrera actualitzaci\u00f3: juliol del 2021<\/strong><\/p>\n","protected":false},"excerpt":{"rendered":"<p>Av\u00eds Legal Qui som? Acceptaci\u00f3 de les condicions d&#8217;\u00fas Acc\u00e9s al Web i informaci\u00f3 sobre TUNA TOUR Normes d&#8217;\u00fas Enlla\u00e7os T\u00e9 pres\u00e8ncia a altres plataformes i xarxes socials Propietat intel\u00b7lectual i industrial Responsabilitats pel funcionament de la web Compleix amb la legalitat en mat\u00e8ria de responsabilitats Durada de les condicions d&#8217;\u00fas Us convidem a comunicar-nos &hellip; <a href=\"https:\/\/tuna-tour.com\/ca\/avis-legal\/\">Continued<\/a><\/p>\n","protected":false},"author":1,"featured_media":0,"parent":0,"menu_order":0,"comment_status":"closed","ping_status":"closed","template":"views\/template-custom.blade.php","meta":{"_acf_changed":false,"footnotes":""},"class_list":["post-1159","page","type-page","status-publish","hentry"],"acf":[],"_links":{"self":[{"href":"https:\/\/tuna-tour.com\/ca\/wp-json\/wp\/v2\/pages\/1159","targetHints":{"allow":["GET"]}}],"collection":[{"href":"https:\/\/tuna-tour.com\/ca\/wp-json\/wp\/v2\/pages"}],"about":[{"href":"https:\/\/tuna-tour.com\/ca\/wp-json\/wp\/v2\/types\/page"}],"author":[{"embeddable":true,"href":"https:\/\/tuna-tour.com\/ca\/wp-json\/wp\/v2\/users\/1"}],"replies":[{"embeddable":true,"href":"https:\/\/tuna-tour.com\/ca\/wp-json\/wp\/v2\/comments?post=1159"}],"version-history":[{"count":3,"href":"https:\/\/tuna-tour.com\/ca\/wp-json\/wp\/v2\/pages\/1159\/revisions"}],"predecessor-version":[{"id":1243,"href":"https:\/\/tuna-tour.com\/ca\/wp-json\/wp\/v2\/pages\/1159\/revisions\/1243"}],"wp:attachment":[{"href":"https:\/\/tuna-tour.com\/ca\/wp-json\/wp\/v2\/media?parent=1159"}],"curies":[{"name":"wp","href":"https:\/\/api.w.org\/{rel}","templated":true}]}}