{"id":1182,"date":"2022-02-22T10:28:43","date_gmt":"2022-02-22T08:28:43","guid":{"rendered":"https:\/\/tuna-tour.onviastage.es\/politica-de-privacidad\/"},"modified":"2025-02-17T17:36:58","modified_gmt":"2025-02-17T15:36:58","slug":"politica-de-privacitat","status":"publish","type":"page","link":"https:\/\/tuna-tour.com\/ca\/politica-de-privacitat\/","title":{"rendered":"Pol\u00edtica de privacitat"},"content":{"rendered":"<h1>Pol\u00edtica de privacitat<\/h1>\n<ol>\n<li><a href=\"#1\">A qui s\u2019aplica aquesta Pol\u00edtica de privacitat?<\/a><\/li>\n<li><a href=\"#2\">Qui \u00e9s el responsable del tractament de les dades personals?<\/a><\/li>\n<li><a href=\"#3\">Quina \u00e9s la legitimaci\u00f3 pel tractament de les dades?<\/a><\/li>\n<li><a href=\"#4\">Quina informaci\u00f3 tractem?<\/a><\/li>\n<li><a href=\"#5\">Amb quina finalitat tractem les dades?<\/a><\/li>\n<li><a href=\"#6\">Durant quant de temps conservarem les dades?<\/a><\/li>\n<li><a href=\"#7\">A quins destinataris es comuniquen les dades?<\/a><\/li>\n<li><a href=\"#8\">Es poden realitzar transfer\u00e8ncies internacionals de les dades?<\/a><\/li>\n<li><a href=\"#9\">Quins drets t\u00e9 l\u2019usuari sobre les dades que facilita?<\/a><\/li>\n<li><a href=\"#10\">Com protegim les dades dels nostres usuaris?<\/a><\/li>\n<li><a href=\"#11\">Modificacions<\/a><\/li>\n<li><a href=\"#12\">Legislaci\u00f3 aplicable<\/a><\/li>\n<\/ol>\n<h3 id=\"1\">1. A qui s\u2019aplica aquesta Pol\u00edtica de privacitat?<\/h3>\n<p>En visitar o consultar el web de <a href=\"http:\/\/www.tuna-tour.com\/\">www.tuna-tour.com<\/a> (d&#8217;ara endavant el Web) i utilitzar els serveis oferts, l&#8217;usuari (possibles clients, clients o candidats, entre altres) accepta el tractament de les seves dades personals, donant conformitat als termes establerts en aquest document (d&#8217;ara endavant, la Pol\u00edtica de privacitat).<\/p>\n<p>Aquesta Pol\u00edtica de privacitat i la manera de processar les vostres dades estan regulades pel Reglament General de Protecci\u00f3 de Dades, o Reglament [UE] 2016\/679 (RGPD).<\/p>\n<h3 id=\"2\">2. Qui \u00e9s el responsable del tractament de les dades personals?<\/h3>\n<p>Aquesta \u00e9s la informaci\u00f3 rellevant del Responsable del Tractament de les dades personals que es tracten i que s\u00f3n facilitades pels usuaris:<\/p>\n<table width=\"600\">\n<tbody>\n<tr>\n<td><strong>Identitat<\/strong><\/td>\n<td>BALFEGO TUNA, SL (d&#8217;ara endavant, TUNA TOUR)<\/td>\n<\/tr>\n<tr>\n<td><strong>Adre\u00e7a<\/strong><\/td>\n<td>Pol. Ind. Edifici Balfeg\u00f3, s\/n &#8211; CP 43860 &#8211; L\u2019 Ametlla de Mar TARRAGONA, Espanya.<\/td>\n<\/tr>\n<tr>\n<td><strong>Tel\u00e8fon<\/strong><\/td>\n<td>+34 977 047 707<\/td>\n<\/tr>\n<tr>\n<td><strong>Adre\u00e7a electr\u00f2nica<\/strong><\/td>\n<td><a href=\"mailto:reservas@tuna-tour.com \">reservas@tuna-tour.com <\/a><\/td>\n<\/tr>\n<\/tbody>\n<\/table>\n<h3><\/h3>\n<h3 id=\"3\">3. Quina \u00e9s la legitimaci\u00f3 per al tractament de les dades?<\/h3>\n<p>Les bases legals per al tractament de les dades personals s\u00f3n:<\/p>\n<ul>\n<li>L\u2019execuci\u00f3 dels formularis al Web de TUNA TOURS; aquests formularis (apartat 4a), els emplena l\u2019interessat o comparteix determinada informaci\u00f3, i amb aix\u00f2 dona el ple consentiment per al tractament de les dades personals.<\/li>\n<li>L\u2019execuci\u00f3 d\u2019un contracte.<\/li>\n<\/ul>\n<h3 id=\"4\">4. Quina informaci\u00f3 tractem?<\/h3>\n<p>La informaci\u00f3 que rebem per part dels usuaris o que aquests comparteixen, i que ser\u00e0 tractada amb la m\u00e0xima confidencialitat, es tracta i gestiona com exposem a continuaci\u00f3.<\/p>\n<p>a) a) Informaci\u00f3 que els usuaris ens faciliten <strong><u>directament<\/u><\/strong>: TUNA TOUR recopila i emmagatzema certa informaci\u00f3 que l&#8217;usuari introdueix al Web de TUNA TOUR, a trav\u00e9s dels seg\u00fcents apartats i formularis.<\/p>\n<p>&nbsp;<\/p>\n<table width=\"600\">\n<tbody>\n<tr>\n<td><strong>\u201cContacte\u201d<\/strong><\/td>\n<td>La informaci\u00f3 que l&#8217;usuari ens facilita quan completa cadascun d&#8217;aquests formularis, \u00e9s a dir, <u>nom, cognoms i adre\u00e7a electr\u00f2nica.<\/u><\/td>\n<td>Dades de car\u00e0cter identificatiu.<\/td>\n<\/tr>\n<tr>\n<td><strong>\u201cNewsletter\u201d<\/strong><\/td>\n<td>La informaci\u00f3 que l&#8217;usuari ens facilita quan se subscriu a la nostra Newsletter, \u00e9s a dir, <span style=\"text-decoration: underline;\">correu electr\u00f2nic<\/span>.<\/td>\n<td>Dades de car\u00e0cter identificatiu.<\/td>\n<\/tr>\n<tr>\n<td><strong>\u201cReserva Activitats de TUNA TOUR (Snorkel i Diving)\u201d<\/strong><\/td>\n<td>La informaci\u00f3 que l&#8217;usuari ens facilita quan fa una reserva, \u00e9s a dir, <span style=\"text-decoration: underline;\">nom, cognoms, DNI, correu electr\u00f2nic, nacionalitat, CIF, tel\u00e8fon, empresa<\/span> i dades de la <span style=\"text-decoration: underline;\">targeta de cr\u00e8dit o d\u00e8bit<\/span>.<\/td>\n<td>Dades de car\u00e0cter identificatiu.<br \/>\nDades econ\u00f2miques.<\/td>\n<\/tr>\n<tr>\n<td><strong>\u201cReserva TUNA TOUR Educa y TUNA TOUR Events\u201d<\/strong><\/td>\n<td>La informaci\u00f3 que l&#8217;usuari ens proporciona quan fa una reserva en aquestes activitats, \u00e9s a dir, <span style=\"text-decoration: underline;\">nom, cognoms, correu electr\u00f2nic<\/span> i <span style=\"text-decoration: underline;\">tel\u00e8fon<\/span>.<\/td>\n<td><\/td>\n<\/tr>\n<tr>\n<td><strong>\u201cRegala TUNA TOUR\u201d<\/strong><\/td>\n<td>La informaci\u00f3 que l&#8217;usuari proporciona en adquirir una targeta de regal per a un tercer, \u00e9s a dir, <span style=\"text-decoration: underline;\">nom, cognoms, tel\u00e8fon, correu electr\u00f2nic<\/span> i dades de la <span style=\"text-decoration: underline;\">targeta de cr\u00e8dit o d\u00e8bit<\/span> del comprador.<\/td>\n<td>Dades de car\u00e0cter identificatiu.<br \/>\nDades econ\u00f2miques.<\/td>\n<\/tr>\n<\/tbody>\n<\/table>\n<p>&nbsp;<\/p>\n<p>b) Informaci\u00f3 que els usuaris ens faciliten <strong><u>indirectament<\/u><\/strong>:<\/p>\n<table id=\"cookies\">\n<tbody>\n<tr>\n<td><strong>Cookies pr\u00f2pies i de tercers<\/strong><\/td>\n<td>TUNA TOUR utilitza cookies pr\u00f2pies i de tercers per distingir-lo d&#8217;altres usuaris del nostre Lloc Web. Per aix\u00f2, sense car\u00e0cter exhaustiu, recopila la informaci\u00f3 seg\u00fcent, el tipus de cercador, el sistema operatiu, incloent-hi el contingut que consulta i el moment del dia en qu\u00e8 ho fa, aix\u00ed com l&#8217;identificador en l\u00ednia (\u00e9s a dir, l&#8217;IP assignat al dispositiu).<\/td>\n<td>Dades derivades de les galetes de car\u00e0cter identificatiu.<br \/>\nDades derivades de la navegaci\u00f3.<\/td>\n<\/tr>\n<\/tbody>\n<\/table>\n<p>&nbsp;<\/p>\n<p><strong>4.1. Qualitat de dades: <\/strong> L&#8217;usuari haur\u00e0 de garantir, tant davant de TUNA TOUR com davant de tercers, la qualitat de la informaci\u00f3 i de les dades personals que proporcioni a trav\u00e9s del Web de TUNA TOUR. Aix\u00f2 implica que totes les dades personals i informacions facilitades han de ser reals, veraces, actualitzades i pert\u00e0nyer a l\u2019usuari i no a terceres persones. En cas que pertanyin a terceres persones, entenem que \u00e9s mitjan\u00e7ant el seu consentiment i sol\u00b7licitem que es convidi a aquest tercer a con\u00e8ixer els nostres textos legals com m\u00e9s aviat millor.<\/p>\n<p><strong>4.2. Modificaci\u00f3 de dades: <\/strong> L\u2019usuari haur\u00e0 de notificar a TUNA TOUR qualsevol modificaci\u00f3 que es produeixi en les dades personals facilitades responent, en qualsevol cas, de la veracitat i exactitud de les dades subministrades en cada moment.<\/p>\n<h3 id=\"5\">5. Amb quina finalitat tractem les dades?<\/h3>\n<table>\n<tbody>\n<tr>\n<td><strong>Contacte<\/strong><\/td>\n<td>Aquesta secci\u00f3 est\u00e0 creada perqu\u00e8 els usuaris puguin contactar amb TUNA TOUR i, entre d&#8217;altres, puguem:<br \/>\n&#8211; Respondre les preguntes enviades al formulari de Contacte.<br \/>\n&#8211; Establir o mantenir relacions comercials i informar breument sobre els seus dubtes o necessitats i aix\u00ed puguem comunicar-nos-hi.<\/td>\n<\/tr>\n<tr>\n<td><strong>Fer reserves de les diverses activitats de TUNA TOUR<\/strong><\/td>\n<td>TUNA TOUR podr\u00e0 utilitzar les dades personals que l&#8217;usuari facilita:<br \/>\n&#8211; En fer la reserva al Lloc Web de TUNA TOUR per confirmar la vostra identitat i verificar les vostres dades personals i de contacte.<br \/>\n&#8211; Per complir amb les obligacions derivades de la contractaci\u00f3, aix\u00ed com per dur a terme el servei que s&#8217;ha reservat el dia i la data acordats.<br \/>\n&#8211; Per posar-nos en contacte amb l&#8217;usuari, en particular per a fins relacionats amb la prestaci\u00f3 dels serveis, fer comunicacions via correu electr\u00f2nic sobre la seva operativa i aix\u00ed complir procediments interns.<\/td>\n<\/tr>\n<tr>\n<td><strong>Comunicaci\u00f3 de dades a tercers (excepcions)<\/strong><\/td>\n<td>\n<ul>\n<li>En cas que sigui estrictament necessari per als serveis sol\u00b7licitats, si TUNA TOUR col\u00b7labora amb tercers.<\/li>\n<li>Quan TUNA TOUR tingui autoritzaci\u00f3 expressa i inequ\u00edvoca per part de l&#8217;usuari.<\/li>\n<li>Quan se sol\u00b7liciti per part d\u2019una autoritat competent en l\u2019exercici de les seves funcions (per investigar, prevenir o prendre accions relatives a accions il\u00b7legals).<\/li>\n<li>Si ho requereix una normativa.<\/li>\n<\/ul>\n<\/td>\n<\/tr>\n<tr>\n<td><strong>Missatges promocionals amb opci\u00f3 de cancel\u00b7laci\u00f3<\/strong><\/td>\n<td>Amb el consentiment de l&#8217;usuari, TUNA TOUR podr\u00e0 utilitzar les dades personals que obtinguem per enviar informaci\u00f3, not\u00edcies i publicitat sobre els nostres serveis i altres de similars. En tot cas, es pot evitar l&#8217;enviament de nous e-mails informatius sol\u00b7licitant-ho a l&#8217;adre\u00e7a de correu electr\u00f2nic reservas@tuna-tour.com o mitjan\u00e7ant l&#8217;enlla\u00e7 que apareix al cos de cadascun dels e-mails que enviem i conseq\u00fcentment, TUNA TOUR cessar\u00e0 en l&#8217;enviament de la informaci\u00f3 esmentada.<\/td>\n<\/tr>\n<tr>\n<td><strong>Informaci\u00f3 comercial a Google<\/strong><\/td>\n<td>Amb el consentiment de l&#8217;usuari, l&#8217;usuari pot rebre informaci\u00f3 comercial directa a les xarxes publicit\u00e0ries de Google basada en la seva adre\u00e7a de correu electr\u00f2nic i\/o n\u00famero de tel\u00e8fon. L&#8217;usuari pot retirar en qualsevol moment el vostre consentiment per rebre aquesta informaci\u00f3 al panell de configuraci\u00f3 de Cookies, posant-vos en contacte amb nosaltres a reservas@tuna-tour.com o utilitzant la interf\u00edcie de gesti\u00f3 d&#8217;anuncis al perfil de Google per evitar que les dades comercials d&#8217;altres llocs influeixin en la selecci\u00f3 d&#8217;anuncis.<\/td>\n<\/tr>\n<tr>\n<td><strong>Cookies pr\u00f2pies i de tercers<\/strong><\/td>\n<td>Amb el consentiment de l&#8217;usuari, es podran instal\u00b7lar galetes per calcular el nombre de persones que ingressen al Lloc Web, aix\u00ed com emmagatzemar informaci\u00f3 del comportament dels usuaris obtinguda a trav\u00e9s de l&#8217;observaci\u00f3 continuada dels seus h\u00e0bits de navegaci\u00f3 (anal\u00edtiques, publicit\u00e0ries).<\/p>\n<p>Per tal d&#8217;utilitzar informaci\u00f3 recopilada per les cookies i tecnologies similars de forma optimitzada, utilitzem eines anal\u00edtiques i eines que ens permeten gestionar la publicitat i la comercialitzaci\u00f3 dels nostres productes i serveis, incloent-hi la visualitzaci\u00f3 de publicitat dirigida basada en el reconeixement del dispositiu.<\/p>\n<p>Aquestes eines tamb\u00e9 ens permeten processar la informaci\u00f3 recopilada de manera que serveixi de suport al nostre treball de recerca i desenvolupament i les nostres activitats de m\u00e0rqueting.<\/p>\n<p>De conformitat amb el vostre consentiment, les vostres dades personals (recollides, entre altres coses, mitjan\u00e7ant cookies) poden ser tractades de forma automatitzada (fins i tot per a la definici\u00f3 de perfils) i, sobre la base de la informaci\u00f3 recollida (per exemple, dades relatives a les seves prefer\u00e8ncies), podem personalitzar el contingut publicitari presentat dins i fora del nostre Lloc Web.<br \/>\nAix\u00ed mateix, i amb el vostre consentiment, tamb\u00e9 podem compartir informaci\u00f3 sobre l&#8217;\u00fas del nostre Lloc Web amb els nostres col\u00b7laboradors en xarxes socials, publicitat i an\u00e0lisi, que poden combinar-la amb una altra informaci\u00f3 que els hagi proporcionat o que hagin recopilat com a resultat de l&#8217;\u00fas dels seus serveis.<br \/>\nLa majoria dels navegadors admeten l&#8217;\u00fas de cookies de forma autom\u00e0tica, per\u00f2 podeu configurar el vostre navegador per ser avisat a la pantalla del vostre ordinador sobre la recepci\u00f3 de cookies i, d&#8217;aquesta manera, impedir la seva instal\u00b7laci\u00f3 al disc dur.<br \/>\nPer obtenir informaci\u00f3 detallada sobre les cookies que utilitzem i els fins per als que les utilitzem, consulteu la nostra <a href=\"https:\/\/tuna-tour.com\/ca\/politica-de-cookies\/\">Pol\u00edtica de Cookies<\/a>.<\/td>\n<\/tr>\n<\/tbody>\n<\/table>\n<h3><\/h3>\n<h3 id=\"6\">6. Durant quant de temps conservarem les dades?<\/h3>\n<p>TUNA TOUR conservar\u00e0 les dades personals de l\u2019usuari durant el temps que sigui raonablement necessari per: complir amb qualsevol dels objectius esmentats en aquesta Pol\u00edtica de privacitat i complir amb la legislaci\u00f3 vigent, exig\u00e8ncies normatives i ordres pertinents de tribunals competents o, en qualsevol cas, mentre li enviem informaci\u00f3 o comunicacions i l\u2019interessat no en sol\u00b7liciti la supressi\u00f3 o oposici\u00f3.<\/p>\n<p>Les vostres dades personals seran anonimitzades o eliminades una vegada que ja no sigui rellevant per als fins per als quals van ser recopilats.<\/p>\n<h3 id=\"7\">7. A quins destinataris es comuniquen les dades?<\/h3>\n<p>Les dades de car\u00e0cter personal que TUNA TOUR recopili s&#8217;utilitzaran exclusivament per a la consecuci\u00f3 de l&#8217;objecte definit al Web de TUNA TOUR. Per a aconseguir l\u2019objectiu esmentat i la correcta prestaci\u00f3 del servei, TUNA TOUR podria compartir certes dades de car\u00e0cter personal dels usuaris:<\/p>\n<ul>\n<li>Previ requeriment legal, TUNA TOUR podr\u00e0 compartir informaci\u00f3 amb organismes d\u2019autoritats executives o de tercers pel que fa a peticions d\u2019informaci\u00f3 relatives a investigacions de car\u00e0cter penal i presumptes activitats il\u00b7legals.<\/li>\n<li>Prove\u00efdors de serveis externs: per complir amb les finalitats d&#8217;aquesta Pol\u00edtica de Privadesa cal que donem acc\u00e9s a les vostres dades personals a terceres parts que ens donen suport als serveis que oferim, a saber: entitats financeres, prove\u00efdors de serveis legals, tecnol\u00f2gics, fiscals i comptables, prove\u00efdors de serveis de busseig i submarinisme, prove\u00efdors i col\u00b7laboradors de serveis de m\u00e0rqueting, publicitat i xarxes socials; que en alguns casos poden actuar com a responsables conjunts, sempre sota el control exclusiu de TUNA TOUR, quan sigui necessari per proporcionar els nostres serveis.<\/li>\n<\/ul>\n<p><em>i. Si l&#8217;usuari autoritza expressament l&#8217;enviament d&#8217;informaci\u00f3 comercial, es podr\u00e0 col\u00b7laborar amb Selligent by Marigold (Selligent, S.A., Iris Holdings, L.P.) &#8211; Plataforma d&#8217;enviament de mailings, sempre sota el control exclusiu de TUNA TOUR. L\u2019usuari podr\u00e0 consultar la Pol\u00edtica de privacitat d\u2019aquest prove\u00efdor <a href=\"https:\/\/www.selligent.com\/es\/privacy-policy\">aqu\u00ed<\/a>.<\/em><\/p>\n<p><em>ii. Passarel\u00b7la de pagament: Banc Sabadell (Banc de Sabadell, SA), companyia registrada a Espanya. Tracta les dades personals per: (i) prestar els Serveis; (ii) detectar i evitar el frau; (iii) mitigar les p\u00e8rdues financeres o altres perjudicis a Usuaris, Clients i Stripe; i (iv) promocionar, analitzar i millorar els nostres productes, sistemes i eines. L\u00b4usuari podr\u00e0 consultar la Pol\u00edtica de privacitat d\u00b4aquest prove\u00efdor <a href=\"https:\/\/www.bancsabadell.com\/cs\/Satellite\/SabAtl\/Politica-de-privacidad\/6000025944814\/es\/\">aqu\u00ed<\/a>.<\/em><\/p>\n<ul>\n<li>Amb el consentiment de l\u2019usuari: a banda del que s\u2019ha establert anteriorment, s\u2019informar\u00e0 l\u2019usuari en el cas que qualsevol informaci\u00f3 sobre aquest es posi en coneixement dels socis comercials del web, o b\u00e9 amb tercers, amb car\u00e0cter diferent de les finalitats exposades al Web de TUNA TOUR (per ex.: amb finalitats comercials), a fi que tingui l\u2019oportunitat de decidir que no es comparteixi la seva informaci\u00f3. Cap de les comunicacions de dades anteriors no inclour\u00e0 vendre, llogar, compartir o revelar altrament informaci\u00f3 personal de clients amb fins comercials de manera contr\u00e0ria als compromisos adquirits en aquesta Pol\u00edtica de privacitat.<\/li>\n<\/ul>\n<h3 id=\"8\">8. Es poden realitzar transfer\u00e8ncies internacionals de les dades?<\/h3>\n<p>En cas que realitzem transfer\u00e8ncies de les vostres dades personals a un tercer pa\u00eds, \u00e9s a dir, un pa\u00eds fora de l&#8217;Espai Econ\u00f2mic Europeu (els pa\u00efsos de la Uni\u00f3 Europea m\u00e9s Liechtenstein, Isl\u00e0ndia i Noruega) o que no disposi d&#8217;un nivell adequat de protecci\u00f3 de dades reconegut, complirem amb totes les lleis aplicables a aquesta transfer\u00e8ncia, inclosa la garantia que les vostres dades personals es mantinguin segures. Per aix\u00f2, TUNA TOUR utilitzar\u00e0 Cl\u00e0usules Contractuals Tipus de protecci\u00f3 de dades adoptades per la Comissi\u00f3 Europea o, si escau, ens basarem en el Marc de Privadesa de Dades UE \u2013 EUA (per al cas de transfer\u00e8ncia de dades als Estats Units).<\/p>\n<h3 id=\"9\">9. Quins drets t\u00e9 l\u2019usuari sobre les dades que facilita?<\/h3>\n<p>L&#8217;usuari podr\u00e0 exercir davant TUNA TOUR els drets seg\u00fcents:<\/p>\n<ul>\n<li><strong>Dret a ser informat:<\/strong> l\u2019usuari t\u00e9 dret a rebre informaci\u00f3 clara, transparent i f\u00e0cilment comprensible sobre la manera com utilitzem la informaci\u00f3 i els seus drets. Per aquest motiu, facilitem aquesta informaci\u00f3 en aquesta Pol\u00edtica de privacitat.<\/li>\n<li><strong>Dret d\u2019acc\u00e9s:<\/strong> l\u2019usuari t\u00e9 dret a obtenir acc\u00e9s a la seva informaci\u00f3 (en cas que l\u2019estiguem tractant), aix\u00ed com a altres tipus d\u2019informaci\u00f3 (similar a la proporcionada en aquesta Pol\u00edtica de privacitat), perqu\u00e8 estigui informat i pugui comprovar que fem servir la seva informaci\u00f3 de conformitat amb la legislaci\u00f3 en mat\u00e8ria de protecci\u00f3 de dades.<\/li>\n<li><strong>Dret a rectificar:<\/strong> l\u2019usuari t\u00e9 dret a corregir la seva informaci\u00f3 (dades inexactes) en cas que sigui incorrecta o incompleta.<\/li>\n<li><strong>Dret de supressi\u00f3:<\/strong> tamb\u00e9 es coneix com a \u00abdret a l\u2019oblit\u00bb i, en definitiva, us permet sol\u00b7licitar l\u2019eliminaci\u00f3 o supressi\u00f3 de la vostra informaci\u00f3 quan les dades ja no siguin necess\u00e0ries per als fins que van ser recollides. Aix\u00f2 no constitueix un dret general de supressi\u00f3; hi ha excepcions.<\/li>\n<li><strong>Dret a limitar el tractament:<\/strong> l\u2019usuari disposa de drets que li permeten \u00abbloquejar\u00bb o impedir que es continu\u00ef usant la seva informaci\u00f3. Quan es limita el tractament, \u00fanicament conservarem la seva informaci\u00f3 per a l\u2019exercici o la defensa de reclamacions. Igualment, conservem llistes d\u2019usuaris que han sol\u00b7licitat el \u00abbloqueig\u00bb de l\u2019\u00fas de la seva informaci\u00f3 per assegurar-nos que la restricci\u00f3 es respecti en el futur.<\/li>\n<li><strong>Dret a la portabilitat de les dades:<\/strong> l\u2019usuari disposa de drets que li permeten obtenir i reutilitzar les seves dades personals per als seus propis fins en diferents serveis.<\/li>\n<li><strong>Dret a oposar-s\u2019hi:<\/strong> l\u2019usuari t\u00e9 dret a oposar-se a certs tipus de tractament, incloent-hi el tractament amb finalitats de m\u00e0rqueting directe. Tret de motius leg\u00edtims imperiosos, o l\u2019exercici o la defensa de possibles reclamacions.<\/li>\n<\/ul>\n<p>L\u2019exercici dels drets esmentats \u00e9s personal\u00edssim; per tant, caldr\u00e0 que l\u2019usuari acrediti la seva identitat.<\/p>\n<p>Per fer \u00fas dels drets esmentats i que es preveuen a la legislaci\u00f3, l\u2019usuari pot adre\u00e7ar-se a TUNA TOUR a trav\u00e9s del correu electr\u00f2nic <a href=\"mailto:protectdades@grupbalfego.com\">protectdades@grupbalfego.com<\/a> o per escrit i correu postal dirigit a l\u2019adre\u00e7a que consta a l\u2019apartat 1 d&#8217;aquesta Pol\u00edtica. La comunicaci\u00f3 contindr\u00e0 les dades i documents seg\u00fcents:<\/p>\n<ul>\n<li>Nom i cognoms de l\u2019interessat, adjuntant fotoc\u00f2pia del DNI o un altre document v\u00e0lid que l\u2019identifiqui i, si escau, de la persona que el representi; la utilitzaci\u00f3 de signatura electr\u00f2nica eximeix de la presentaci\u00f3 d\u2019aquests documents.<\/li>\n<li>Indicaci\u00f3 del domicili de l\u2019interessat i petici\u00f3 sobre la qual es concreta la sol\u00b7licitud (el dret que es pret\u00e9n exercir).<\/li>\n<\/ul>\n<p>Aix\u00ed mateix, et recordem que pots exercir algun d&#8217;aquests drets per tu mateix:<\/p>\n<ul>\n<li>Donar-se de baixa de la recepci\u00f3 d&#8217;informaci\u00f3 comercial, utilitzant la funci\u00f3 de \u201cdonar-se de baixa de la informaci\u00f3 comercial\u201d (o similar) disponible al peu de p\u00e0gina de cada informaci\u00f3 comercial enviada per nosaltres<\/li>\n<li>Pots retirar el teu consentiment a la instal\u00b7laci\u00f3 de cookies en relaci\u00f3 amb el tractament de dades personals per a les finalitats determinades per la funci\u00f3 d&#8217;aquestes cookies, a l&#8217;eina de gesti\u00f3 d&#8217;instal\u00b7laci\u00f3 de cookies que pots trobar al nostre Lloc Web.<\/li>\n<li>Pots retirar el teu consentiment per rebre informaci\u00f3 comercial directa a Google basada en la teva adre\u00e7a de correu electr\u00f2nic i\/o tel\u00e8fon modificant la configuraci\u00f3 corresponent al panell de gesti\u00f3 d&#8217;anuncis del teu perfil de Google per evitar que les dades comercials d&#8217;altres llocs influeixin en la selecci\u00f3 d&#8217;anuncis.<\/li>\n<\/ul>\n<p>L\u2019usuari tamb\u00e9 tindr\u00e0 dret a presentar una reclamaci\u00f3 davant de l\u2019Autoritat de Control corresponent\/Ag\u00e8ncia Espanyola de Protecci\u00f3 de Dades (<a href=\"http:\/\/www.aepd.es\/\">www.aepd.es<\/a>), quan ho consideri convenient.<\/p>\n<h3 id=\"10\">10. Com protegim les dades dels nostres usuaris?<\/h3>\n<p>TUNA TOUR informa a l&#8217;usuari que ha adoptat les mesures de car\u00e0cter t\u00e8cnic i organitzatives necess\u00e0ries exigides per la normativa vigent en mat\u00e8ria de protecci\u00f3 de dades per garantir la seguretat de les seves dades, a fi d&#8217;evitar-ne l&#8217;alteraci\u00f3, la p\u00e8rdua, l&#8217;acc\u00e9s o el tractament no autoritzats.<\/p>\n<p>Tal com s&#8217;ha esmentat, les dades personals facilitades pels usuaris a trav\u00e9s del Lloc Web de TUNA TOUR no seran cedides a altres entitats o empreses per ser emprades per a les seves pr\u00f2pies finalitats. Tot i aix\u00f2, algunes empreses subcontractades per TUNA TOUR podrien tenir acc\u00e9s a les dades i informaci\u00f3 personals, sempre sota l&#8217;exclusiu control de TUNA TOUR, amb l&#8217;\u00fanica finalitat de prestar un servei necessari per al correcte funcionament del Lloc Web i dels nostres serveis.<\/p>\n<h3 id=\"11\">11. Modificacions<\/h3>\n<p>TUNA TOUR es reserva el dret a modificar aquesta Pol\u00edtica de privacitat d&#8217;acord amb la legislaci\u00f3 aplicable a cada moment. Per aix\u00f2, \u00e9s recomanable que l\u2019usuari revisi peri\u00f2dicament aquesta Pol\u00edtica de privacitat amb la finalitat d\u2019estar informat del tractament i la protecci\u00f3 de les dades personals, aix\u00ed com dels drets que l\u2019assisteixen.<\/p>\n<h3 id=\"12\">12. Legislaci\u00f3 aplicable<\/h3>\n<p>Aquesta Pol\u00edtica es regir\u00e0 i s&#8217;interpretar\u00e0 segons la legislaci\u00f3 espanyola, igual que la resoluci\u00f3 de qualsevol controv\u00e8rsia o diverg\u00e8ncia relacionada amb aquest Web. L\u2019\u00fas dels serveis del Web suposa l\u2019acceptaci\u00f3 expressa de la jurisdicci\u00f3 espanyola.<\/p>\n<p>&nbsp;<\/p>\n<p><strong>Data de la darrera actualitzaci\u00f3: octubre del 2024.<\/strong><\/p>\n","protected":false},"excerpt":{"rendered":"<p>Pol\u00edtica de privacitat A qui s\u2019aplica aquesta Pol\u00edtica de privacitat? Qui \u00e9s el responsable del tractament de les dades personals? Quina \u00e9s la legitimaci\u00f3 pel tractament de les dades? Quina informaci\u00f3 tractem? Amb quina finalitat tractem les dades? Durant quant de temps conservarem les dades? A quins destinataris es comuniquen les dades? Es poden realitzar &hellip; <a href=\"https:\/\/tuna-tour.com\/ca\/politica-de-privacitat\/\">Continued<\/a><\/p>\n","protected":false},"author":1,"featured_media":0,"parent":0,"menu_order":0,"comment_status":"closed","ping_status":"open","template":"views\/template-custom.blade.php","meta":{"_acf_changed":false,"footnotes":""},"class_list":["post-1182","page","type-page","status-publish","hentry"],"acf":[],"_links":{"self":[{"href":"https:\/\/tuna-tour.com\/ca\/wp-json\/wp\/v2\/pages\/1182","targetHints":{"allow":["GET"]}}],"collection":[{"href":"https:\/\/tuna-tour.com\/ca\/wp-json\/wp\/v2\/pages"}],"about":[{"href":"https:\/\/tuna-tour.com\/ca\/wp-json\/wp\/v2\/types\/page"}],"author":[{"embeddable":true,"href":"https:\/\/tuna-tour.com\/ca\/wp-json\/wp\/v2\/users\/1"}],"replies":[{"embeddable":true,"href":"https:\/\/tuna-tour.com\/ca\/wp-json\/wp\/v2\/comments?post=1182"}],"version-history":[{"count":6,"href":"https:\/\/tuna-tour.com\/ca\/wp-json\/wp\/v2\/pages\/1182\/revisions"}],"predecessor-version":[{"id":2320,"href":"https:\/\/tuna-tour.com\/ca\/wp-json\/wp\/v2\/pages\/1182\/revisions\/2320"}],"wp:attachment":[{"href":"https:\/\/tuna-tour.com\/ca\/wp-json\/wp\/v2\/media?parent=1182"}],"curies":[{"name":"wp","href":"https:\/\/api.w.org\/{rel}","templated":true}]}}