{"id":1161,"date":"2022-04-05T11:32:49","date_gmt":"2022-04-05T11:32:49","guid":{"rendered":"https:\/\/tuna-tour.onviastage.es\/aviso-legal\/"},"modified":"2022-04-11T12:20:54","modified_gmt":"2022-04-11T12:20:54","slug":"mentions-legales","status":"publish","type":"page","link":"https:\/\/tuna-tour.com\/fr\/mentions-legales\/","title":{"rendered":"Mentions l\u00e9gales"},"content":{"rendered":"<h1>Mentions l\u00e9gales<\/h1>\n<ol>\n<li><a href=\"#1\">Qui sommes-nous ?<\/a><\/li>\n<li><a href=\"#2\">Acceptation des conditions d&#8217;utilisation<\/a><\/li>\n<li><a href=\"#3\">Acc\u00e8s au site Web et informations sur TUNA TOUR <\/a><\/li>\n<li><a href=\"#4\">Conditions d&#8217;utilisation<\/a><\/li>\n<li><a href=\"#5\">Liens<\/a><\/li>\n<li><a href=\"#6\">Pr\u00e9sence sur d&#8217;autres plateformes et r\u00e9seaux sociaux<\/a><\/li>\n<li><a href=\"#7\">Propri\u00e9t\u00e9 Intellectuelle et industrielle<\/a><\/li>\n<li><a href=\"#8\">Responsabilit\u00e9s relatives au fonctionnement du site Web<\/a><\/li>\n<li><a href=\"#9\">Respect de la loi sur les responsabilit\u00e9s<\/a><\/li>\n<li><a href=\"#10\">Dur\u00e9e des conditions d&#8217;utilisation<\/a><\/li>\n<li><a href=\"#11\">Nous vous invitons \u00e0 nous faire part de vos commentaires ou questions <\/a><\/li>\n<li><a href=\"#12\">R\u00e8glements applicables et juridiction<\/a><\/li>\n<\/ol>\n<p>Dans ce document, vous trouverez toutes les informations n\u00e9cessaires concernant les services offerts par TUNA TOUR \u00e0 travers le site Web <a href=\"http:\/\/www.tuna-tour.com\">www.tuna-tour.com<\/a> (ci-apr\u00e8s, le site Web). Nous vous invitons \u00e0 les lire attentivement et \u00e0 les consulter \u00e0 tout moment.<\/p>\n<p>Vous pouvez nous contacter \u00e0 l&#8217;adresse e-mail <a href=\"mailto:reservas@tuna-tour.com\">reservas@tuna-tour.com<\/a>. Nous serons ravis de pouvoir vous conseiller.<\/p>\n<h3 id=\"1\">1. Qui sommes-nous\u00a0?<\/h3>\n<p>Le site Web <a href=\"http:\/\/www.tuna-tour.com\">www.tuna-tour.com<\/a> est un domaine Internet appartenant \u00e0 BALFEGO TUNA, S.L. (ci-apr\u00e8s TUNA TOUR). Les d\u00e9tails d&#8217;identification de TUNA TOUR sont\u00a0:<\/p>\n<ul>\n<li>NIF: B-43753904<\/li>\n<li>Adresse Ind. Edifici Balfeg\u00f3, s\/n &#8211; C.P. 43860 &#8211; L\u2019 Ametlla de Mar TARRAGONE<\/li>\n<li>Inscrite au Registre du Commerce de Tarragone dans le Tome 1950, Folio 113, Feuille T-28269, Inscription 1.<\/li>\n<\/ul>\n<p>Nous mettons le site Web \u00e0 votre disposition pour faciliter l&#8217;acc\u00e8s aux informations sur nos services, produits, tarifs, r\u00e9servations et pour que, le cas \u00e9ch\u00e9ant, vous puissiez nous contacter.<\/p>\n<h3 id=\"2\">2. Acceptation des conditions d&#8217;utilisation<\/h3>\n<p>En naviguant sur le site Web, vous acceptez pleinement chacune des conditions l\u00e9gales \u00e9nonc\u00e9es dans les mentions l\u00e9gales, dans la politique de confidentialit\u00e9 et dans la politique de cookies.<\/p>\n<p>Afin d&#8217;adapter \u00e0 tout moment les textes l\u00e9gaux du site Web au contenu de celui-ci, nous nous r\u00e9servons le droit d&#8217;apporter les modifications appropri\u00e9es dans les pr\u00e9sentes mentions l\u00e9gales, dans la politique de confidentialit\u00e9 et dans la politique de cookies.<\/p>\n<h3 id=\"3\">3. Acc\u00e8s au site Web et informations sur TUNA TOUR<\/h3>\n<p>L&#8217;acc\u00e8s au site Web est enti\u00e8rement gratuit et ne n\u00e9cessite pas d&#8217;inscription de l&#8217;utilisateur.<br \/>\nL&#8217;objectif fondamental de ce site Web est de diffuser les services de TUNA TOUR, ainsi que de fournir des informations sur l&#8217;entreprise elle-m\u00eame.<\/p>\n<p>Par le biais du site Web, nous vous fournissons un moyen de communication afin que vous puissiez nous contacter pour recevoir des informations sur nos services susceptibles de vous int\u00e9resser, pour travailler avec nous, ainsi que pour r\u00e9pondre aux questions relatives \u00e0 TUNA TOUR. C&#8217;est pourquoi nous veillerons \u00e0 ce qu&#8217;\u00e0 tout moment les informations qui apparaissent sur le site Web soient v\u00e9ridiques, exactes et accessibles.<\/p>\n<p>Pour des raisons de s\u00e9curit\u00e9 et pour prot\u00e9ger la transmission de contenus confidentiels, ce site Web utilise le cryptage SSL ou TLS. Vous pouvez identifier que la connexion est crypt\u00e9e en constatant que la barre d&#8217;adresse du navigateur passe de &#8220;http:\/\/&#8221; \u00e0 &#8220;https:\/\/&#8221; et que le symbole du cadenas appara\u00eet dans la barre d&#8217;adresse de votre navigateur. Si le cryptage SSL ou TLS est activ\u00e9, les donn\u00e9es que vous nous transmettez ne peuvent pas \u00eatre lues par des tiers.<\/p>\n<p>TUNA TOUR ne peut garantir qu&#8217;il n&#8217;y aura pas d&#8217;interruptions ou d&#8217;erreurs dans l&#8217;acc\u00e8s au Site ou \u00e0 son contenu, ni qu&#8217;il sera mis \u00e0 jour en permanence, sans inexactitude ni impr\u00e9cision. Dans tous les cas, nous nous engageons \u00e0 r\u00e9soudre les \u00e9ventuelles erreurs, interruptions de communication et d\u00e9faut de mise \u00e0 jour dudit contenu dans les meilleurs d\u00e9lais.<\/p>\n<h3 id=\"4\">4. Conditions d&#8217;utilisation<\/h3>\n<p>Nous souhaitons que notre site Web soit un site agr\u00e9able pour tous. Par cons\u00e9quent, en le parcourant, vous vous engagez \u00e0 en faire un usage conforme \u00e0 la loi, aux bonnes m\u0153urs et aux pr\u00e9sentes mentions l\u00e9gales. De m\u00eame, vous vous engagez \u00e0 faire un usage appropri\u00e9 du contenu du site Web et \u00e0 ne pas l&#8217;utiliser pour des activit\u00e9s illicites ou criminelles portant atteinte aux droits des tiers et\/ou \u00e0 la r\u00e9glementation sur la propri\u00e9t\u00e9 intellectuelle et industrielle ou \u00e0 toute autre r\u00e9glementation l\u00e9gale applicable.<\/p>\n<p>Les informations fournies par le site Web seront utilis\u00e9es uniquement pour les services offerts par TUNA TOUR.<\/p>\n<p>L&#8217;utilisateur s&#8217;engage \u00e0 utiliser les informations contenues dans ce site Web exclusivement pour ses propres besoins et \u00e0 ne proc\u00e9der, directement ou indirectement, \u00e0 aucun type d&#8217;exploitation commerciale des contenus et services auxquels il a acc\u00e8s.<\/p>\n<p>En tant qu&#8217;utilisateur du Site, vous reconnaissez et acceptez que vous \u00eates seul responsable de l&#8217;utilisation que vous en faites, ainsi que des services et contenus accessibles via le Site.<\/p>\n<p>Par cons\u00e9quent, entre autres activit\u00e9s, l&#8217;utilisateur s&#8217;engage \u00e0 :<\/p>\n<p>a) Ne pas introduire ou diffuser des contenus \u00e0 caract\u00e8re raciste, x\u00e9nophobe, pornographique, terroriste ou portant atteinte aux droits de l&#8217;homme.<\/p>\n<p>b) Ne pas introduire ou diffuser sur le r\u00e9seau des programmes informatiques (virus et logiciels nuisibles) susceptibles de causer des dommages aux syst\u00e8mes informatiques du fournisseur d&#8217;acc\u00e8s, de ses fournisseurs ou de tiers utilisateurs d&#8217;Internet.<\/p>\n<p>c) Ne pas diffuser, transmettre ou mettre \u00e0 la disposition de tiers tout type d\u2019information, \u00e9l\u00e9ment ou contenu portant atteinte aux droits fondamentaux et aux libert\u00e9s publiques reconnus constitutionnellement et par les trait\u00e9s internationaux.<\/p>\n<p>d) Ne pas diffuser, transmettre ou mettre \u00e0 la disposition de tiers tout type d&#8217;information, d&#8217;\u00e9l\u00e9ment ou de contenu constituant de la publicit\u00e9 ill\u00e9gale ou d\u00e9loyale.<\/p>\n<p>e) Ne pas introduire ou diffuser des informations et contenus faux, ambigus ou inexacts de mani\u00e8re \u00e0 induire en erreur.<\/p>\n<p>L&#8217;utilisateur sera seul responsable de tout dommage ou perte r\u00e9sultant d&#8217;une violation de sa part.<\/p>\n<h3 id=\"5\">5. Liens<\/h3>\n<p>Si vous souhaitez \u00e9tablir un lien vers le site web sur tout site web, forum, chat, plateforme ou r\u00e9seau social, vous \u00eates tenu d&#8217;indiquer que vous ne disposez pas de notre supervision ou de notre autorisation. En aucun cas, il n&#8217;est permis de cr\u00e9er un lien vers le site web \u00e0 partir de sites web, de plateformes, de forums, de chats, de blogs ou de r\u00e9seaux sociaux contraires \u00e0 la loi ou aux bonnes m\u0153urs, notamment \u00e0 partir de ceux dont le contenu est pornographique ou qui violent les droits de l&#8217;homme.<\/p>\n<p>Il est important de pr\u00e9ciser qu&#8217;aucun lien n&#8217;implique une quelconque connexion entre TUNA TOUR, et le site \u00e0 partir duquel il est reli\u00e9 au site Web, et que nous ne sommes donc pas responsables des donn\u00e9es ou du contenu qu&#8217;ils fournissent.<\/p>\n<p>Ce site Web comprend des liens vers d&#8217;autres pages Web de tiers. TUNA TOUR n&#8217;est pas responsable des variations relatives aux informations, services et contenus en g\u00e9n\u00e9ral desdites pages Web.<\/p>\n<h3 id=\"6\">6. Pr\u00e9sence sur d&#8217;autres plateformes et r\u00e9seaux sociaux<\/h3>\n<p>Comme vous pouvez le voir sur notre Site, TUNA TOUR utilise les r\u00e9seaux et plateformes sociaux (Facebook, Instagram, YouTube). Veuillez garder \u00e0 l&#8217;esprit lorsque vous acc\u00e9dez \u00e0 l&#8217;un de ces r\u00e9seaux ou plateformes que les conditions d&#8217;utilisation applicables sont celles que chaque plateforme a \u00e9tablies, sur lesquelles nous n&#8217;avons aucun contr\u00f4le.<\/p>\n<h3 id=\"7\">7. Propri\u00e9t\u00e9 intellectuelle et industrielle<\/h3>\n<p>Le site Web et tous ses contenus (y compris, mais sans s&#8217;y limiter, les marques, les logos, les textes, les photographies, les ic\u00f4nes, les images, les graphiques, la technologie, les liens, les contenus audiovisuels ou sonores, etc., ainsi que la conception graphique, le code source et les autres \u00e9l\u00e9ments logiciels contenus dans ce site Web), sont la propri\u00e9t\u00e9 de TUNA TOUR, qui poss\u00e8de les licences en son nom, et sont soumis aux droits de propri\u00e9t\u00e9 intellectuelle et industrielle, prot\u00e9g\u00e9s par la l\u00e9gislation espagnole. Par cons\u00e9quent, si vous souhaitez exploiter le site Web ou son contenu (reproduire, transformer, communiquer, etc., au-del\u00e0 des activit\u00e9s autoris\u00e9es par la loi sur la propri\u00e9t\u00e9 intellectuelle), vous devez obtenir notre consentement \u00e9crit pr\u00e9alable (coordonn\u00e9es en t\u00eate des pr\u00e9sentes mentions l\u00e9gales), quelles que soient les fins pour lesquelles vous souhaitez le faire. TUNA TOUR \u00e9tant titulaire des droits de propri\u00e9t\u00e9 intellectuelle et industrielle du site Web ou de ses contenus, il est \u00e9galement interdit de supprimer les donn\u00e9es d&#8217;identification de TUNA TOUR.<\/p>\n<p>Enfin, vous acceptez d&#8217;accorder une licence gratuite d&#8217;utilisation, sans limitation territoriale et pour la dur\u00e9e maximale autoris\u00e9e par la loi, du contenu que vous t\u00e9l\u00e9chargez sur le site web par tout moyen ou canal.<\/p>\n<p>La responsabilit\u00e9 d\u00e9riv\u00e9e de l&#8217;utilisation non autoris\u00e9e des mat\u00e9riaux prot\u00e9g\u00e9s par les droits de propri\u00e9t\u00e9 intellectuelle et industrielle contenus dans cette page correspondra exclusivement \u00e0 l&#8217;utilisateur.<\/p>\n<p>Le fait que nous ne vous demandions pas de cesser de faire un usage ill\u00e9gal ou contraire aux pr\u00e9sentes mentions l\u00e9gales ne peut en aucun cas \u00eatre compris comme un consentement ou une autorisation pour un tel usage. De m\u00eame, cela ne constitue pas une renonciation \u00e0 toute action en justice susceptible de nous \u00eatre accord\u00e9e<\/p>\n<h3 id=\"8\">8. Responsabilit\u00e9s relatives au fonctionnement du site Web<\/h3>\n<p>Il est important de se rappeler que c&#8217;est \u00e0 vous de disposer des outils n\u00e9cessaires permettant de stopper et de neutraliser les logiciels malveillants. Bien que TUNA TOUR s&#8217;efforce de maintenir le site Web exempt de virus, de vers ou de tout autre \u00e9l\u00e9ment informatique nuisible, nous ne pouvons garantir leur absence totale.<\/p>\n<p>De m\u00eame, TUNA TOUR n&#8217;assume aucune responsabilit\u00e9 quant aux dommages caus\u00e9s aux logiciels et aux \u00e9quipements informatiques des utilisateurs lors de l&#8217;utilisation des services offerts sur le site Web, aux dommages de toute nature caus\u00e9s par des pannes ou des d\u00e9connexions des r\u00e9seaux de t\u00e9l\u00e9communications qui entra\u00eenent la suspension, l&#8217;annulation ou l&#8217;interruption du service.<\/p>\n<h3 id=\"9\">9. Respect de la l\u00e9galit\u00e9 en mati\u00e8re de responsabilit\u00e9s.<\/h3>\n<p>TUNA TOUR garantit l&#8217;exactitude des donn\u00e9es publi\u00e9es sur le site Web. Veuillez nous contacter \u00e0 l&#8217;adresse \u00e9lectronique suivante si vous d\u00e9tectez des erreurs dans les donn\u00e9es\u00a0: <a href=\"mailto:reservas@tuna-tour.com\">reservas@tuna-tour.com<\/a>.<\/p>\n<p>Toutefois, malgr\u00e9 tous nos efforts, l&#8217;internet n&#8217;est pas un m\u00e9dia infaillible. Nous ne pouvons donc pas garantir que le contenu et les informations seront toujours \u00e0 jour. Dans la mesure du possible, nous vous informerons de toute interruption affectant les informations diffus\u00e9es sur le site Web. De m\u00eame, TUNA TOUR ne sera pas responsable de l&#8217;erreur d&#8217;acc\u00e8s aux diff\u00e9rentes pages du site Web, lorsque celles-ci sont caus\u00e9es par des raisons ind\u00e9pendantes de notre volont\u00e9.<\/p>\n<p>TUNA TOUR ne sera pas responsable de l&#8217;utilisation abusive que les utilisateurs du site Web pourraient faire du site Web ou de son contenu, ni des utilisations contraires \u00e0 la bonne foi, \u00e0 la l\u00e9galit\u00e9 ou aux pr\u00e9sentes mentions l\u00e9gales. De m\u00eame, TUNA TOUR d\u00e9cline toute responsabilit\u00e9 d\u00e9riv\u00e9e de la violation des droits de propri\u00e9t\u00e9 intellectuelle de toute nature par les utilisateurs.<\/p>\n<p>Nous ne pouvons pas contr\u00f4ler ou g\u00e9rer l&#8217;int\u00e9grit\u00e9, le fonctionnement et la v\u00e9racit\u00e9 des liens pouvant appara\u00eetre sur le site Web vers des sites qui ne nous appartiennent pas. Par cons\u00e9quent, nous d\u00e9clinons toute responsabilit\u00e9 \u00e0 leur \u00e9gard.<\/p>\n<h3 id=\"10\">10. Dur\u00e9e des conditions d&#8217;utilisation<\/h3>\n<p>Afin d&#8217;adapter le texte l\u00e9gal \u00e0 la r\u00e9alit\u00e9 du site Web, nous nous r\u00e9servons le droit de le modifier ou de le mettre \u00e0 jour \u00e0 tout moment. Nous vous recommandons donc de le consulter fr\u00e9quemment.<\/p>\n<p>Si une clause incluse dans les pr\u00e9sentes mentions l\u00e9gales est d\u00e9clar\u00e9e totalement ou partiellement nulle ou inefficace, cette nullit\u00e9 ou inefficacit\u00e9 n&#8217;affectera que cette clause ou la partie de celle-ci qui est nulle ou inefficace, et les pr\u00e9sentes mentions l\u00e9gales resteront en vigueur \u00e0 tous les autres \u00e9gards.<\/p>\n<h3 id=\"11\">11. Nous vous invitons \u00e0 nous faire part de vos commentaires ou questions<\/h3>\n<p>Nous mettons \u00e0 votre disposition l&#8217;adresse \u00e9lectronique <a href=\"mailto:reservas@tuna-tour.com\">reservas@tuna-tour.com<\/a> pour que vous puissiez l&#8217;utiliser si vous avez des doutes, des questions ou des commentaires, tant sur le contenu du site Web que sur les conditions juridiques de celui-ci.<\/p>\n<p>De m\u00eame, si vous d\u00e9tectez une quelconque erreur dans les informations propos\u00e9es ou dans la configuration, la mise \u00e0 jour et le contenu du site Web, nous vous serions reconnaissants d&#8217;en informer TUNA TOUR \u00e0 l&#8217;adresse susmentionn\u00e9e.<\/p>\n<h3 id=\"12\">12. R\u00e8glements applicables et juridiction<\/h3>\n<p>Les pr\u00e9sentes mentions l\u00e9gales, ainsi que la r\u00e9solution de toute controverse ou divergence li\u00e9e \u00e0 ce site Web, seront r\u00e9gies et interpr\u00e9t\u00e9es conform\u00e9ment \u00e0 la l\u00e9gislation espagnole. L&#8217;utilisation des services de ce site Web implique l&#8217;acceptation expresse de la juridiction espagnole.<\/p>\n<p>De m\u00eame, les parties conviennent que tout litige, divergence, question ou r\u00e9clamation d\u00e9coulant de l&#8217;ex\u00e9cution et de l&#8217;interpr\u00e9tation des pr\u00e9sentes mentions l\u00e9gales ou en rapport avec ce texte ou d&#8217;autres textes pouvant figurer sur ce site Web sera r\u00e9solu par les Cours et Tribunaux de Tortosa, et renoncent express\u00e9ment \u00e0 tout autre droit ou juridiction qui pourrait \u00eatre comp\u00e9tent (sauf en cas de conflit prot\u00e9g\u00e9 par la loi, auquel cas le lieu d\u00e9sign\u00e9 dans la l\u00e9gislation applicable primera).<\/p>\n<p>&nbsp;<\/p>\n<p><strong>Date de derni\u00e8re mise \u00e0 jour : juillet 2021<\/strong><\/p>\n","protected":false},"excerpt":{"rendered":"<p>Mentions l\u00e9gales Qui sommes-nous ? Acceptation des conditions d&#8217;utilisation Acc\u00e8s au site Web et informations sur TUNA TOUR Conditions d&#8217;utilisation Liens Pr\u00e9sence sur d&#8217;autres plateformes et r\u00e9seaux sociaux Propri\u00e9t\u00e9 Intellectuelle et industrielle Responsabilit\u00e9s relatives au fonctionnement du site Web Respect de la loi sur les responsabilit\u00e9s Dur\u00e9e des conditions d&#8217;utilisation Nous vous invitons \u00e0 nous &hellip; <a href=\"https:\/\/tuna-tour.com\/fr\/mentions-legales\/\">Continued<\/a><\/p>\n","protected":false},"author":1,"featured_media":0,"parent":0,"menu_order":0,"comment_status":"closed","ping_status":"closed","template":"views\/template-custom.blade.php","meta":{"_acf_changed":false,"footnotes":""},"class_list":["post-1161","page","type-page","status-publish","hentry"],"acf":[],"_links":{"self":[{"href":"https:\/\/tuna-tour.com\/fr\/wp-json\/wp\/v2\/pages\/1161","targetHints":{"allow":["GET"]}}],"collection":[{"href":"https:\/\/tuna-tour.com\/fr\/wp-json\/wp\/v2\/pages"}],"about":[{"href":"https:\/\/tuna-tour.com\/fr\/wp-json\/wp\/v2\/types\/page"}],"author":[{"embeddable":true,"href":"https:\/\/tuna-tour.com\/fr\/wp-json\/wp\/v2\/users\/1"}],"replies":[{"embeddable":true,"href":"https:\/\/tuna-tour.com\/fr\/wp-json\/wp\/v2\/comments?post=1161"}],"version-history":[{"count":4,"href":"https:\/\/tuna-tour.com\/fr\/wp-json\/wp\/v2\/pages\/1161\/revisions"}],"predecessor-version":[{"id":1255,"href":"https:\/\/tuna-tour.com\/fr\/wp-json\/wp\/v2\/pages\/1161\/revisions\/1255"}],"wp:attachment":[{"href":"https:\/\/tuna-tour.com\/fr\/wp-json\/wp\/v2\/media?parent=1161"}],"curies":[{"name":"wp","href":"https:\/\/api.w.org\/{rel}","templated":true}]}}