{"id":1619,"date":"2022-09-14T13:56:49","date_gmt":"2022-09-14T13:56:49","guid":{"rendered":"https:\/\/tuna-tour.com\/reserva-eventos\/"},"modified":"2022-09-14T15:13:38","modified_gmt":"2022-09-14T15:13:38","slug":"reserver-eventos","status":"publish","type":"page","link":"https:\/\/tuna-tour.com\/fr\/reserver-eventos\/","title":{"rendered":"R\u00e9server Eventos"},"content":{"rendered":"<script type=\"text\/javascript\">\n\/* <![CDATA[ *\/\nvar gform;gform||(document.addEventListener(\"gform_main_scripts_loaded\",function(){gform.scriptsLoaded=!0}),document.addEventListener(\"gform\/theme\/scripts_loaded\",function(){gform.themeScriptsLoaded=!0}),window.addEventListener(\"DOMContentLoaded\",function(){gform.domLoaded=!0}),gform={domLoaded:!1,scriptsLoaded:!1,themeScriptsLoaded:!1,isFormEditor:()=>\"function\"==typeof InitializeEditor,callIfLoaded:function(o){return!(!gform.domLoaded||!gform.scriptsLoaded||!gform.themeScriptsLoaded&&!gform.isFormEditor()||(gform.isFormEditor()&&console.warn(\"The use of gform.initializeOnLoaded() is deprecated in the form editor context and will be removed in Gravity Forms 3.1.\"),o(),0))},initializeOnLoaded:function(o){gform.callIfLoaded(o)||(document.addEventListener(\"gform_main_scripts_loaded\",()=>{gform.scriptsLoaded=!0,gform.callIfLoaded(o)}),document.addEventListener(\"gform\/theme\/scripts_loaded\",()=>{gform.themeScriptsLoaded=!0,gform.callIfLoaded(o)}),window.addEventListener(\"DOMContentLoaded\",()=>{gform.domLoaded=!0,gform.callIfLoaded(o)}))},hooks:{action:{},filter:{}},addAction:function(o,r,e,t){gform.addHook(\"action\",o,r,e,t)},addFilter:function(o,r,e,t){gform.addHook(\"filter\",o,r,e,t)},doAction:function(o){gform.doHook(\"action\",o,arguments)},applyFilters:function(o){return gform.doHook(\"filter\",o,arguments)},removeAction:function(o,r){gform.removeHook(\"action\",o,r)},removeFilter:function(o,r,e){gform.removeHook(\"filter\",o,r,e)},addHook:function(o,r,e,t,n){null==gform.hooks[o][r]&&(gform.hooks[o][r]=[]);var d=gform.hooks[o][r];null==n&&(n=r+\"_\"+d.length),gform.hooks[o][r].push({tag:n,callable:e,priority:t=null==t?10:t})},doHook:function(r,o,e){var t;if(e=Array.prototype.slice.call(e,1),null!=gform.hooks[r][o]&&((o=gform.hooks[r][o]).sort(function(o,r){return o.priority-r.priority}),o.forEach(function(o){\"function\"!=typeof(t=o.callable)&&(t=window[t]),\"action\"==r?t.apply(null,e):e[0]=t.apply(null,e)})),\"filter\"==r)return e[0]},removeHook:function(o,r,t,n){var e;null!=gform.hooks[o][r]&&(e=(e=gform.hooks[o][r]).filter(function(o,r,e){return!!(null!=n&&n!=o.tag||null!=t&&t!=o.priority)}),gform.hooks[o][r]=e)}});\n\/* ]]> *\/\n<\/script>\n\n                <div class='gf_browser_gecko gform_wrapper gravity-theme gform-theme--no-framework' data-form-theme='gravity-theme' data-form-index='0' id='gform_wrapper_5' ><form method='post' enctype='multipart\/form-data'  id='gform_5'  action='\/fr\/wp-json\/wp\/v2\/pages\/1619' data-formid='5' novalidate>\n                        <div class='gform-body gform_body'><div id='gform_fields_5' class='gform_fields top_label form_sublabel_below description_below validation_below'><div id=\"field_5_20\" class=\"gfield gfield--type-honeypot gform_validation_container field_sublabel_below gfield--has-description field_description_below field_validation_below gfield_visibility_visible\"  ><label class='gfield_label gform-field-label' for='input_5_20'>URL<\/label><div class='ginput_container'><input name='input_20' id='input_5_20' type='text' value='' autocomplete='new-password'\/><\/div><div class='gfield_description' id='gfield_description_5_20'>This field is for validation purposes and should be left unchanged.<\/div><\/div><div id=\"field_5_14\" class=\"gfield gfield--type-html gfield--input-type-html gfield--width-full gfield_html gfield_html_formatted gfield_no_follows_desc field_sublabel_below gfield--no-description field_description_below field_validation_below gfield_visibility_visible\"  ><h1>Reserva Eventos<\/h1><\/div><div id=\"field_5_15\" class=\"gfield gfield--type-html gfield--input-type-html gfield--width-full gfield_html gfield_html_formatted gfield_no_follows_desc field_sublabel_below gfield--no-description field_description_below field_validation_below gfield_visibility_visible\"  ><p>Laissez-nous vos informations afin que notre \u00e9quipe de r\u00e9servation puisse vous contacter et vous offrir une exp\u00e9rience totalement personnalis\u00e9e et unique.<\/p><\/div><div id=\"field_5_4\" class=\"gfield gfield--type-html gfield--input-type-html gfield--width-full gfield_html gfield_html_formatted gfield_no_follows_desc field_sublabel_below gfield--no-description field_description_below field_validation_below gfield_visibility_visible\"  >Combien serez-vous environ, et quel jour souhaitez-vous venir ?<\/div><div id=\"field_5_5\" class=\"gfield gfield--type-number gfield--input-type-number gfield--width-half gfield_contains_required field_sublabel_below gfield--no-description field_description_below field_validation_below gfield_visibility_visible\"  ><label class='gfield_label gform-field-label' for='input_5_5'>N\u00ba personas*<span class=\"gfield_required\"><span class=\"gfield_required gfield_required_text\">(Required)<\/span><\/span><\/label><div class='ginput_container ginput_container_number'><input name='input_5' id='input_5_5' type='number' step='any' min='1'  value='' class='large'    placeholder='1' aria-required=\"true\" aria-invalid=\"false\"  \/><\/div><\/div><div id=\"field_5_6\" class=\"gfield gfield--type-date gfield--input-type-date gfield--input-type-datepicker gfield--datepicker-custom-icon gfield--width-half gfield_contains_required field_sublabel_below gfield--has-description field_description_below field_validation_below gfield_visibility_visible\"  ><label class='gfield_label gform-field-label' for='input_5_6'>Date de l&#039;activit\u00e9*<span class=\"gfield_required\"><span class=\"gfield_required gfield_required_text\">(Required)<\/span><\/span><\/label><div class='ginput_container ginput_container_date'>\n                            <input name='input_6' id='input_5_6' type='text' value='' class='datepicker gform-datepicker dmy datepicker_with_icon gdatepicker_with_icon'   placeholder='Choisir une date' aria-describedby=\"input_5_6_date_format gfield_description_5_6\" aria-invalid=\"false\" aria-required=\"true\"\/>\n                            <span id='input_5_6_date_format' class='screen-reader-text'>DD slash MM slash YYYY<\/span>\n                        <\/div>\n                        <input type='hidden' id='gforms_calendar_icon_input_5_6' class='gform_hidden' value='\/app\/uploads\/2022\/03\/calendar.svg'\/><div class='gfield_description' id='gfield_description_5_6'>D\u00e9but de saison : 19 juin - fin de saison : 12 octobre<\/div><\/div><div id=\"field_5_7\" class=\"gfield gfield--type-html gfield--input-type-html gfield--width-full gfield_html gfield_html_formatted field_sublabel_below gfield--no-description field_description_below field_validation_below gfield_visibility_visible\"  >Comment pouvons-nous vous contacter?<\/div><div id=\"field_5_9\" class=\"gfield gfield--type-text gfield--input-type-text gfield--width-half gfield_contains_required field_sublabel_below gfield--no-description field_description_below field_validation_below gfield_visibility_visible\"  ><label class='gfield_label gform-field-label' for='input_5_9'>Pr\u00e9nom*<span class=\"gfield_required\"><span class=\"gfield_required gfield_required_text\">(Required)<\/span><\/span><\/label><div class='ginput_container ginput_container_text'><input name='input_9' id='input_5_9' type='text' value='' class='large'    placeholder='Pr\u00e9nom' aria-required=\"true\" aria-invalid=\"false\"   \/><\/div><\/div><div id=\"field_5_10\" class=\"gfield gfield--type-text gfield--input-type-text gfield--width-half gfield_contains_required field_sublabel_below gfield--no-description field_description_below field_validation_below gfield_visibility_visible\"  ><label class='gfield_label gform-field-label' for='input_5_10'>Noms*<span class=\"gfield_required\"><span class=\"gfield_required gfield_required_text\">(Required)<\/span><\/span><\/label><div class='ginput_container ginput_container_text'><input name='input_10' id='input_5_10' type='text' value='' class='large'    placeholder='Noms' aria-required=\"true\" aria-invalid=\"false\"   \/><\/div><\/div><div id=\"field_5_11\" class=\"gfield gfield--type-email gfield--input-type-email gfield--width-half gfield_contains_required field_sublabel_below gfield--no-description field_description_below field_validation_below gfield_visibility_visible\"  ><label class='gfield_label gform-field-label' for='input_5_11'>E-mail*<span class=\"gfield_required\"><span class=\"gfield_required gfield_required_text\">(Required)<\/span><\/span><\/label><div class='ginput_container ginput_container_email'>\n                            <input name='input_11' id='input_5_11' type='email' value='' class='large'   placeholder='Courrier \u00e9lectronique' aria-required=\"true\" aria-invalid=\"false\"  \/>\n                        <\/div><\/div><div id=\"field_5_12\" class=\"gfield gfield--type-phone gfield--input-type-phone gfield--width-half gfield_contains_required field_sublabel_below gfield--has-description field_description_below field_validation_below gfield_visibility_visible\"  ><label class='gfield_label gform-field-label' for='input_5_12'>T\u00e9l\u00e9phone de contact*<span class=\"gfield_required\"><span class=\"gfield_required gfield_required_text\">(Required)<\/span><\/span><\/label><div class='ginput_container ginput_container_phone'><input name='input_12' id='input_5_12' type='tel' value='' class='large'  placeholder='T\u00e9l\u00e9phone de contact' aria-required=\"true\" aria-invalid=\"false\" aria-describedby=\"gfield_description_5_12\"  \/><\/div><div class='gfield_description' id='gfield_description_5_12'>Nous l'utiliserons uniquement pour vous contacter et planifier l'activit\u00e9 personnalis\u00e9e.<\/div><\/div><div id=\"field_5_13\" class=\"gfield gfield--type-textarea gfield--input-type-textarea gfield--width-full field_sublabel_below gfield--no-description field_description_below field_validation_below gfield_visibility_visible\"  ><label class='gfield_label gform-field-label' for='input_5_13'>Commentaires<\/label><div class='ginput_container ginput_container_textarea'><textarea name='input_13' id='input_5_13' class='textarea large'    placeholder='Ajoutez tous les doutes et commentaires dont vous avez besoin'  aria-invalid=\"false\"   rows='10' cols='50'><\/textarea><\/div><\/div><div id=\"field_5_19\" class=\"gfield gfield--type-captcha gfield--input-type-captcha gfield--width-full field_sublabel_below gfield--no-description field_description_below field_validation_below gfield_visibility_visible\"  ><label class='gfield_label gform-field-label' for='input_5_19'>CAPTCHA<\/label><div id='input_5_19' class='ginput_container ginput_recaptcha' data-sitekey='6Le60IsrAAAAACd3zQAxlQnl4E4PJLdO8FqMhmpl'  data-theme='light' data-tabindex='0'  data-badge=''><\/div><\/div><fieldset id=\"field_5_18\" class=\"gfield gfield--type-checkbox gfield--type-choice gfield--input-type-checkbox gfield--width-full gfield_contains_required field_sublabel_below gfield--no-description field_description_below hidden_label field_validation_below gfield_visibility_visible\"  ><legend class='gfield_label gform-field-label gfield_label_before_complex' >Acceptance<span class=\"gfield_required\"><span class=\"gfield_required gfield_required_text\">(Required)<\/span><\/span><\/legend><div class='ginput_container ginput_container_checkbox'><div class='gfield_checkbox ' id='input_5_18'><div class='gchoice gchoice_5_18_1'>\n\t\t\t\t\t\t\t\t<input class='gfield-choice-input' name='input_18.1' type='checkbox'  value='Accept\u00e9 le &lt;a href=&quot;https:\/\/tuna-tour.com\/fr\/politique-de-confidentialite\/&quot; target=&quot;_blank&quot;&gt;&lt;u&gt;Politique de confidentialit\u00e9&lt;\/u&gt;&lt;\/a&gt;'  id='choice_5_18_1'   \/>\n\t\t\t\t\t\t\t\t<label for='choice_5_18_1' id='label_5_18_1' class='gform-field-label gform-field-label--type-inline'>Accept\u00e9 le <a href=\"https:\/\/tuna-tour.com\/fr\/politique-de-confidentialite\/\" target=\"_blank\"><u>Politique de confidentialit\u00e9<\/u><\/a><\/label>\n\t\t\t\t\t\t\t<\/div><\/div><\/div><\/fieldset><\/div><\/div>\n        <div class='gform-footer gform_footer top_label'> <input type='submit' id='gform_submit_button_5' class='gform_button button' onclick='gform.submission.handleButtonClick(this);' data-submission-type='submit' value='Faire une demande de r\u00e9servation'  \/> \n            <input type='hidden' class='gform_hidden' name='gform_submission_method' data-js='gform_submission_method_5' value='postback' \/>\n            <input type='hidden' class='gform_hidden' name='gform_theme' data-js='gform_theme_5' id='gform_theme_5' value='gravity-theme' \/>\n            <input type='hidden' class='gform_hidden' name='gform_style_settings' data-js='gform_style_settings_5' id='gform_style_settings_5' value='[]' \/>\n            <input type='hidden' class='gform_hidden' name='is_submit_5' value='1' \/>\n            <input type='hidden' class='gform_hidden' name='gform_submit' value='5' \/>\n            \n            <input type='hidden' class='gform_hidden' name='gform_unique_id' value='' \/>\n            <input type='hidden' class='gform_hidden' name='state_5' value='WyJbXSIsImEyMTliODVlMGViOWYwZjA1M2IyYmI3YWNiNTczMTgyIl0=' \/>\n            <input type='hidden' autocomplete='off' class='gform_hidden' name='gform_target_page_number_5' id='gform_target_page_number_5' value='0' \/>\n            <input type='hidden' autocomplete='off' class='gform_hidden' name='gform_source_page_number_5' id='gform_source_page_number_5' value='1' \/>\n            <input type='hidden' name='gform_field_values' value='' \/>\n            \n        <\/div>\n                        <\/form>\n                        <\/div><script type=\"text\/javascript\">\n\/* <![CDATA[ *\/\n gform.initializeOnLoaded( function() {gformInitSpinner( 5, 'https:\/\/tuna-tour.com\/app\/plugins\/gravityforms\/images\/spinner.svg', true );jQuery('#gform_ajax_frame_5').on('load',function(){var contents = jQuery(this).contents().find('*').html();var is_postback = contents.indexOf('GF_AJAX_POSTBACK') >= 0;if(!is_postback){return;}var form_content = jQuery(this).contents().find('#gform_wrapper_5');var is_confirmation = jQuery(this).contents().find('#gform_confirmation_wrapper_5').length > 0;var is_redirect = contents.indexOf('gformRedirect(){') >= 0;var is_form = form_content.length > 0 && ! is_redirect && ! is_confirmation;var mt = parseInt(jQuery('html').css('margin-top'), 10) + parseInt(jQuery('body').css('margin-top'), 10) + 100;if(is_form){jQuery('#gform_wrapper_5').html(form_content.html());if(form_content.hasClass('gform_validation_error')){jQuery('#gform_wrapper_5').addClass('gform_validation_error');} else {jQuery('#gform_wrapper_5').removeClass('gform_validation_error');}setTimeout( function() { \/* delay the scroll by 50 milliseconds to fix a bug in chrome *\/  }, 50 );if(window['gformInitDatepicker']) {gformInitDatepicker();}if(window['gformInitPriceFields']) {gformInitPriceFields();}var current_page = jQuery('#gform_source_page_number_5').val();gformInitSpinner( 5, 'https:\/\/tuna-tour.com\/app\/plugins\/gravityforms\/images\/spinner.svg', true );jQuery(document).trigger('gform_page_loaded', [5, current_page]);window['gf_submitting_5'] = false;}else if(!is_redirect){var confirmation_content = jQuery(this).contents().find('.GF_AJAX_POSTBACK').html();if(!confirmation_content){confirmation_content = contents;}jQuery('#gform_wrapper_5').replaceWith(confirmation_content);jQuery(document).trigger('gform_confirmation_loaded', [5]);window['gf_submitting_5'] = false;wp.a11y.speak(jQuery('#gform_confirmation_message_5').text());}else{jQuery('#gform_5').append(contents);if(window['gformRedirect']) {gformRedirect();}}jQuery(document).trigger(\"gform_pre_post_render\", [{ formId: \"5\", currentPage: \"current_page\", abort: function() { this.preventDefault(); } }]);        if (event && event.defaultPrevented) {                return;        }        const gformWrapperDiv = document.getElementById( \"gform_wrapper_5\" );        if ( gformWrapperDiv ) {            const visibilitySpan = document.createElement( \"span\" );            visibilitySpan.id = \"gform_visibility_test_5\";            gformWrapperDiv.insertAdjacentElement( \"afterend\", visibilitySpan );        }        const visibilityTestDiv = document.getElementById( \"gform_visibility_test_5\" );        let postRenderFired = false;        function triggerPostRender() {            if ( postRenderFired ) {                return;            }            postRenderFired = true;            gform.core.triggerPostRenderEvents( 5, current_page );            if ( visibilityTestDiv ) {                visibilityTestDiv.parentNode.removeChild( visibilityTestDiv );            }        }        function debounce( func, wait, immediate ) {            var timeout;            return function() {                var context = this, args = arguments;                var later = function() {                    timeout = null;                    if ( !immediate ) func.apply( context, args );                };                var callNow = immediate && !timeout;                clearTimeout( timeout );                timeout = setTimeout( later, wait );                if ( callNow ) func.apply( context, args );            };        }        const debouncedTriggerPostRender = debounce( function() {            triggerPostRender();        }, 200 );        if ( visibilityTestDiv && visibilityTestDiv.offsetParent === null ) {            const observer = new MutationObserver( ( mutations ) => {                mutations.forEach( ( mutation ) => {                    if ( mutation.type === 'attributes' && visibilityTestDiv.offsetParent !== null ) {                        debouncedTriggerPostRender();                        observer.disconnect();                    }                });            });            observer.observe( document.body, {                attributes: true,                childList: false,                subtree: true,                attributeFilter: [ 'style', 'class' ],            });        } else {            triggerPostRender();        }    } );} ); \n\/* ]]> *\/\n<\/script>\n\n","protected":false},"excerpt":{"rendered":"","protected":false},"author":1,"featured_media":0,"parent":0,"menu_order":0,"comment_status":"closed","ping_status":"closed","template":"views\/template-form-booking.blade.php","meta":{"_acf_changed":false,"footnotes":""},"class_list":["post-1619","page","type-page","status-publish","hentry"],"acf":[],"_links":{"self":[{"href":"https:\/\/tuna-tour.com\/fr\/wp-json\/wp\/v2\/pages\/1619","targetHints":{"allow":["GET"]}}],"collection":[{"href":"https:\/\/tuna-tour.com\/fr\/wp-json\/wp\/v2\/pages"}],"about":[{"href":"https:\/\/tuna-tour.com\/fr\/wp-json\/wp\/v2\/types\/page"}],"author":[{"embeddable":true,"href":"https:\/\/tuna-tour.com\/fr\/wp-json\/wp\/v2\/users\/1"}],"replies":[{"embeddable":true,"href":"https:\/\/tuna-tour.com\/fr\/wp-json\/wp\/v2\/comments?post=1619"}],"version-history":[{"count":2,"href":"https:\/\/tuna-tour.com\/fr\/wp-json\/wp\/v2\/pages\/1619\/revisions"}],"predecessor-version":[{"id":1621,"href":"https:\/\/tuna-tour.com\/fr\/wp-json\/wp\/v2\/pages\/1619\/revisions\/1621"}],"wp:attachment":[{"href":"https:\/\/tuna-tour.com\/fr\/wp-json\/wp\/v2\/media?parent=1619"}],"curies":[{"name":"wp","href":"https:\/\/api.w.org\/{rel}","templated":true}]}}